{"id":8190,"date":"2023-10-14T17:15:52","date_gmt":"2023-10-14T16:15:52","guid":{"rendered":"https:\/\/biblioteka.ignatianum.edu.pl\/?page_id=8190"},"modified":"2025-10-17T13:44:39","modified_gmt":"2025-10-17T12:44:39","slug":"staff-directory","status":"publish","type":"page","link":"https:\/\/biblioteka.ignatianum.edu.pl\/en\/about-us\/staff-directory\/","title":{"rendered":"Staff directory"},"content":{"rendered":"\n<div class=\"wp-block-uagb-container uagb-block-73480c6d default uagb-is-root-container\">\n<div class=\"wp-block-uagb-separator uagb-block-4557b043\"><div class=\"wp-block-uagb-separator__inner\" style=\"--my-background-image:\"><\/div><\/div>\n\n\n\n<p>Within the organizational structure of the UIK, the Library is located in the Vice-Rector for Science&#8217;s department. The Library Council assists the Director in running the Library.<\/p>\n\n\n\n<div class=\"wp-block-uagb-team uagb-team__image-position-left uagb-team__align-left uagb-team__stack-tablet uagb-block-ee25250e\"><img decoding=\"async\" class=\"uagb-team__image-crop-circle\" src=\"https:\/\/biblioteka.ignatianum.edu.pl\/wp-content\/uploads\/sites\/16\/2023\/09\/arrow-right-circle.svg\" alt=\"Ikona strza\u0142ki w prawo w k\u00f3\u0142ku\" height=\"80\" width=\"80\" loading=\"lazy\"\/><div class=\"uagb-team__content\"><h3 class=\"uagb-team__title\"><span style=\"text-decoration: underline;\"><a href=\"https:\/\/ignatianum.edu.pl\/dolny-roman\" target=\"_blank\" data-type=\"link\" data-id=\"https:\/\/ignatianum.edu.pl\/dolny-roman\" rel=\"noreferrer noopener\">mgr Roman Dolny SJ<\/a><\/span><\/h3><span class=\"uagb-team__prefix\">Library Director<\/span><p class=\"uagb-team__desc\">e-mail: <a href=\"mailto:roman.dolny@ignatianum.edu.pl\">roman.dolny@ignatianum.edu.pl<\/a><\/p><\/div><\/div>\n\n\n\n<div class=\"wp-block-uagb-team uagb-team__image-position-left uagb-team__align-left uagb-team__stack-tablet uagb-block-af96c595\"><img decoding=\"async\" class=\"uagb-team__image-crop-circle\" src=\"https:\/\/biblioteka.ignatianum.edu.pl\/wp-content\/uploads\/sites\/16\/2023\/09\/arrow-right-circle.svg\" alt=\"Ikona strza\u0142ki w prawo w k\u00f3\u0142ku\" height=\"80\" width=\"80\" loading=\"lazy\"\/><div class=\"uagb-team__content\"><h3 class=\"uagb-team__title\"><a href=\"https:\/\/ignatianum.edu.pl\/kaczmarek-janusz\" target=\"_blank\" data-type=\"link\" data-id=\"https:\/\/ignatianum.edu.pl\/kaczmarek-janusz\" rel=\"noreferrer noopener\">mgr in\u017c. Janusz Kaczmarek OP<\/a><\/h3><span class=\"uagb-team__prefix\">System librarian<\/span><p class=\"uagb-team__desc\">e-mail: <a href=\"mailto:janusz.kaczmarek@ignatianum.edu.pl\">janusz.kaczmarek@ignatianum.edu.pl<\/a><\/p><\/div><\/div>\n\n\n\n<div class=\"wp-block-uagb-team uagb-team__image-position-left uagb-team__align-left uagb-team__stack-tablet uagb-block-8f9e2474\"><img decoding=\"async\" class=\"uagb-team__image-crop-circle\" src=\"https:\/\/biblioteka.ignatianum.edu.pl\/wp-content\/uploads\/sites\/16\/2023\/09\/arrow-right-circle.svg\" alt=\"Ikona strza\u0142ki w prawo w k\u00f3\u0142ku\" height=\"80\" width=\"80\" loading=\"lazy\"\/><div class=\"uagb-team__content\"><h3 class=\"uagb-team__title\"><a href=\"https:\/\/ignatianum.edu.pl\/baran-wojciech\" target=\"_blank\" data-type=\"link\" data-id=\"https:\/\/ignatianum.edu.pl\/baran-wojciech\" rel=\"noreferrer noopener\">mgr Wojciech Baran<\/a><\/h3><span class=\"uagb-team__prefix\">Librarian<\/span><p class=\"uagb-team__desc\">e-mail: <a href=\"mailto:joanna.wojcik@ignatianum.edu.pl\">wojciech.baran@ignatianum.edu.pl<\/a><\/p><\/div><\/div>\n\n\n\n<div class=\"wp-block-uagb-team uagb-team__image-position-left uagb-team__align-left uagb-team__stack-tablet uagb-block-3009697c\"><img decoding=\"async\" class=\"uagb-team__image-crop-circle\" src=\"https:\/\/biblioteka.ignatianum.edu.pl\/wp-content\/uploads\/sites\/16\/2023\/09\/arrow-right-circle.svg\" alt=\"Ikona strza\u0142ki w prawo w k\u00f3\u0142ku\" height=\"80\" width=\"80\" loading=\"lazy\"\/><div class=\"uagb-team__content\"><h3 class=\"uagb-team__title\"><a href=\"https:\/\/ignatianum.edu.pl\/mikulec-joanna\" target=\"_blank\" data-type=\"link\" data-id=\"https:\/\/ignatianum.edu.pl\/mikulec-joanna\" rel=\"noreferrer noopener\">mgr Joanna Mikulec<\/a><\/h3><span class=\"uagb-team__prefix\">Librarian<\/span><p class=\"uagb-team__desc\">e-mail: <a href=\"mailto:joanna.wojcik@ignatianum.edu.pl\">joanna.mikulec@ignatianum.edu.pl<\/a><\/p><\/div><\/div>\n\n\n\n<div class=\"wp-block-uagb-team uagb-team__image-position-left uagb-team__align-left uagb-team__stack-tablet uagb-block-4c52733c\"><img decoding=\"async\" class=\"uagb-team__image-crop-circle\" src=\"https:\/\/biblioteka.ignatianum.edu.pl\/wp-content\/uploads\/sites\/16\/2023\/09\/arrow-right-circle.svg\" alt=\"Ikona strza\u0142ki w prawo w k\u00f3\u0142ku\" height=\"80\" width=\"80\" loading=\"lazy\"\/><div class=\"uagb-team__content\"><h3 class=\"uagb-team__title\"><a href=\"https:\/\/ignatianum.edu.pl\/obajtek-gabriela\" target=\"_blank\" data-type=\"link\" data-id=\"https:\/\/ignatianum.edu.pl\/obajtek-gabriela\" rel=\"noreferrer noopener\">mgr Gabriela Obajtek<\/a><\/h3><span class=\"uagb-team__prefix\">Librarian<\/span><p class=\"uagb-team__desc\">e-mail: <a href=\"mailto:gabriela.obajtek@ignatianum.edu.pl\">gabriela.obajtek@ignatianum.edu.pl<\/a><\/p><\/div><\/div>\n\n\n\n<div class=\"wp-block-uagb-team uagb-team__image-position-left uagb-team__align-left uagb-team__stack-tablet uagb-block-b6b65cfd\"><img decoding=\"async\" class=\"uagb-team__image-crop-circle\" src=\"https:\/\/biblioteka.ignatianum.edu.pl\/wp-content\/uploads\/sites\/16\/2023\/09\/arrow-right-circle.svg\" alt=\"Ikona strza\u0142ki w prawo w k\u00f3\u0142ku\" height=\"80\" width=\"80\" loading=\"lazy\"\/><div class=\"uagb-team__content\"><h3 class=\"uagb-team__title\"><a href=\"https:\/\/ignatianum.edu.pl\/orkisz-marcelina\" target=\"_blank\" data-type=\"link\" data-id=\"https:\/\/ignatianum.edu.pl\/orkisz-marcelina\" rel=\"noreferrer noopener\">lic. Marcelina Orkisz<\/a><\/h3><span class=\"uagb-team__prefix\">Librarian<\/span><p class=\"uagb-team__desc\">e-mail: <a href=\"mailto:joanna.wojcik@ignatianum.edu.pl\">marcelina.orkisz@ignatianum.edu.pl<\/a><\/p><\/div><\/div>\n\n\n\n<div class=\"wp-block-uagb-team uagb-team__image-position-left uagb-team__align-left uagb-team__stack-tablet uagb-block-17efdab9\"><img decoding=\"async\" class=\"uagb-team__image-crop-circle\" src=\"https:\/\/biblioteka.ignatianum.edu.pl\/wp-content\/uploads\/sites\/16\/2023\/09\/arrow-right-circle.svg\" alt=\"Ikona strza\u0142ki w prawo w k\u00f3\u0142ku\" height=\"80\" width=\"80\" loading=\"lazy\"\/><div class=\"uagb-team__content\"><h3 class=\"uagb-team__title\"><a href=\"https:\/\/ignatianum.edu.pl\/wolinska-monika\" target=\"_blank\" data-type=\"link\" data-id=\"https:\/\/ignatianum.edu.pl\/wolinska-monika\" rel=\"noreferrer noopener\">mgr Monika Woli\u0144sk<\/a><a href=\"https:\/\/ignatianum.edu.pl\/wolinska-monika\" data-type=\"link\" data-id=\"https:\/\/ignatianum.edu.pl\/wolinska-monika\">a<\/a><\/h3><span class=\"uagb-team__prefix\">Librarian<\/span><p class=\"uagb-team__desc\">e-mail: <a href=\"mailto:monika.wolinska@ignatianum.edu.pl\">monika.wolinska@ignatianum.edu.pl<\/a><\/p><\/div><\/div>\n\n\n\n<div class=\"wp-block-uagb-team uagb-team__image-position-left uagb-team__align-left uagb-team__stack-tablet uagb-block-c404c332\"><img decoding=\"async\" class=\"uagb-team__image-crop-circle\" src=\"https:\/\/biblioteka.ignatianum.edu.pl\/wp-content\/uploads\/sites\/16\/2023\/09\/arrow-right-circle.svg\" alt=\"Ikona strza\u0142ki w prawo w k\u00f3\u0142ku\" height=\"80\" width=\"80\" loading=\"lazy\"\/><div class=\"uagb-team__content\"><h3 class=\"uagb-team__title\"><a href=\"https:\/\/ignatianum.edu.pl\/wojcik-joanna\" target=\"_blank\" data-type=\"link\" data-id=\"https:\/\/ignatianum.edu.pl\/wojcik-joanna\" rel=\"noreferrer noopener\">mgr Joanna W\u00f3jcik<\/a><\/h3><span class=\"uagb-team__prefix\">Librarian<\/span><p class=\"uagb-team__desc\">e-mail: <a href=\"mailto:joanna.wojcik@ignatianum.edu.pl\">joanna.wojcik@ignatianum.edu.pl<\/a><\/p><\/div><\/div>\n\n\n\n<div class=\"wp-block-uagb-team uagb-team__image-position-left uagb-team__align-left uagb-team__stack-tablet uagb-block-25aba848\"><img decoding=\"async\" class=\"uagb-team__image-crop-circle\" src=\"https:\/\/biblioteka.ignatianum.edu.pl\/wp-content\/uploads\/sites\/16\/2023\/09\/arrow-right-circle.svg\" alt=\"Ikona strza\u0142ki w prawo w k\u00f3\u0142ku\" height=\"80\" width=\"80\" loading=\"lazy\"\/><div class=\"uagb-team__content\"><h3 class=\"uagb-team__title\"><a href=\"https:\/\/ignatianum.edu.pl\/zajac-malgorzata\" target=\"_blank\" data-type=\"link\" data-id=\"https:\/\/ignatianum.edu.pl\/zajac-malgorzata\" rel=\"noreferrer noopener\">mgr Ma\u0142gorzata Zaj\u0105c<\/a><\/h3><span class=\"uagb-team__prefix\">Librarian<\/span><p class=\"uagb-team__desc\">e-mail: <a href=\"mailto:malgorzata.zajac@ignatianum.edu.pl\">malgorzata.zajac@ignatianum.edu.pl<\/a><\/p><\/div><\/div>\n<\/div>\n<!-- PMB print buttons is only displayed on a single post\/page URLs-->","protected":false},"excerpt":{"rendered":"<p>Within the organizational structure of the UIK, the Library is located in the Vice-Rector for Science&#8217;s department. The Library Council assists the Director in running the Library.<\/p>\n","protected":false},"author":10,"featured_media":0,"parent":7284,"menu_order":0,"comment_status":"closed","ping_status":"closed","template":"","meta":{"_acf_changed":false,"_uag_custom_page_level_css":"","site-sidebar-layout":"default","site-content-layout":"","ast-site-content-layout":"","site-content-style":"default","site-sidebar-style":"default","ast-global-header-display":"","ast-banner-title-visibility":"","ast-main-header-display":"","ast-hfb-above-header-display":"","ast-hfb-below-header-display":"","ast-hfb-mobile-header-display":"","site-post-title":"","ast-breadcrumbs-content":"","ast-featured-img":"","footer-sml-layout":"","theme-transparent-header-meta":"","adv-header-id-meta":"","stick-header-meta":"","header-above-stick-meta":"","header-main-stick-meta":"","header-below-stick-meta":"","astra-migrate-meta-layouts":"default","ast-page-background-enabled":"default","ast-page-background-meta":{"desktop":{"background-color":"var(--ast-global-color-4)","background-image":"","background-repeat":"repeat","background-position":"center center","background-size":"auto","background-attachment":"scroll","background-type":"","background-media":"","overlay-type":"","overlay-color":"","overlay-opacity":"","overlay-gradient":""},"tablet":{"background-color":"","background-image":"","background-repeat":"repeat","background-position":"center center","background-size":"auto","background-attachment":"scroll","background-type":"","background-media":"","overlay-type":"","overlay-color":"","overlay-opacity":"","overlay-gradient":""},"mobile":{"background-color":"","background-image":"","background-repeat":"repeat","background-position":"center center","background-size":"auto","background-attachment":"scroll","background-type":"","background-media":"","overlay-type":"","overlay-color":"","overlay-opacity":"","overlay-gradient":""}},"ast-content-background-meta":{"desktop":{"background-color":"var(--ast-global-color-5)","background-image":"","background-repeat":"repeat","background-position":"center center","background-size":"auto","background-attachment":"scroll","background-type":"","background-media":"","overlay-type":"","overlay-color":"","overlay-opacity":"","overlay-gradient":""},"tablet":{"background-color":"var(--ast-global-color-5)","background-image":"","background-repeat":"repeat","background-position":"center center","background-size":"auto","background-attachment":"scroll","background-type":"","background-media":"","overlay-type":"","overlay-color":"","overlay-opacity":"","overlay-gradient":""},"mobile":{"background-color":"var(--ast-global-color-5)","background-image":"","background-repeat":"repeat","background-position":"center center","background-size":"auto","background-attachment":"scroll","background-type":"","background-media":"","overlay-type":"","overlay-color":"","overlay-opacity":"","overlay-gradient":""}},"ngg_post_thumbnail":0,"footnotes":""},"acf":[],"uagb_featured_image_src":{"full":false,"thumbnail":false,"medium":false,"medium_large":false,"large":false,"thumblist":false,"thumbrelated":false,"meccarouselthumb":false,"gridsquare":false,"tileview":false,"1536x1536":false,"2048x2048":false},"uagb_author_info":{"display_name":"Gabriela Obajtek","author_link":"https:\/\/biblioteka.ignatianum.edu.pl\/en\/author\/gabrielaobajtek\/"},"uagb_comment_info":0,"uagb_excerpt":"Within the organizational structure of the UIK, the Library is located in the Vice-Rector for Science&#8217;s department. The Library Council assists the Director in running the Library.","_links":{"self":[{"href":"https:\/\/biblioteka.ignatianum.edu.pl\/en\/wp-json\/wp\/v2\/pages\/8190"}],"collection":[{"href":"https:\/\/biblioteka.ignatianum.edu.pl\/en\/wp-json\/wp\/v2\/pages"}],"about":[{"href":"https:\/\/biblioteka.ignatianum.edu.pl\/en\/wp-json\/wp\/v2\/types\/page"}],"author":[{"embeddable":true,"href":"https:\/\/biblioteka.ignatianum.edu.pl\/en\/wp-json\/wp\/v2\/users\/10"}],"replies":[{"embeddable":true,"href":"https:\/\/biblioteka.ignatianum.edu.pl\/en\/wp-json\/wp\/v2\/comments?post=8190"}],"version-history":[{"count":1,"href":"https:\/\/biblioteka.ignatianum.edu.pl\/en\/wp-json\/wp\/v2\/pages\/8190\/revisions"}],"predecessor-version":[{"id":8193,"href":"https:\/\/biblioteka.ignatianum.edu.pl\/en\/wp-json\/wp\/v2\/pages\/8190\/revisions\/8193"}],"up":[{"embeddable":true,"href":"https:\/\/biblioteka.ignatianum.edu.pl\/en\/wp-json\/wp\/v2\/pages\/7284"}],"wp:attachment":[{"href":"https:\/\/biblioteka.ignatianum.edu.pl\/en\/wp-json\/wp\/v2\/media?parent=8190"}],"curies":[{"name":"wp","href":"https:\/\/api.w.org\/{rel}","templated":true}]}}