{"id":8022,"date":"2023-09-26T21:15:57","date_gmt":"2023-09-26T20:15:57","guid":{"rendered":"https:\/\/biblioteka.ignatianum.edu.pl\/?page_id=8022"},"modified":"2025-10-16T10:04:27","modified_gmt":"2025-10-16T09:04:27","slug":"culture","status":"publish","type":"page","link":"https:\/\/biblioteka.ignatianum.edu.pl\/en\/services\/culture\/","title":{"rendered":"Culture"},"content":{"rendered":"\n<div class=\"wp-block-uagb-container uagb-block-3763f4da default uagb-is-root-container\">\n<div class=\"wp-block-uagb-image alignfull uagb-block-ea1295ff wp-block-uagb-image--layout-overlay wp-block-uagb-image--effect-zoomin wp-block-uagb-image--align-full uag-hide-tab uag-hide-mob\"><figure class=\"wp-block-uagb-image__figure\"><img decoding=\"async\" srcset=\"https:\/\/biblioteka.ignatianum.edu.pl\/wp-content\/uploads\/sites\/16\/2025\/09\/Kultura-1024x401.jpg ,https:\/\/biblioteka.ignatianum.edu.pl\/wp-content\/uploads\/sites\/16\/2025\/09\/Kultura-scaled.jpg 780w, https:\/\/biblioteka.ignatianum.edu.pl\/wp-content\/uploads\/sites\/16\/2025\/09\/Kultura-scaled.jpg 360w\" sizes=\"(max-width: 480px) 150px\" src=\"https:\/\/biblioteka.ignatianum.edu.pl\/wp-content\/uploads\/sites\/16\/2025\/09\/Kultura-1024x401.jpg\" alt=\"Fotografia przestawia hol biblioteki\" class=\"uag-image-6204\" width=\"985\" height=\"340\" title=\"Kultura\" loading=\"lazy\" role=\"img\"\/><div class=\"wp-block-uagb-image--layout-overlay__color-wrapper\"><\/div><div class=\"wp-block-uagb-image--layout-overlay__inner center-center\"><h2 class=\"uagb-image-heading\">As part of the cultural and exhibition activities, <br>the Library presents a\u00a0permanent exhibition\u00a0<br>of paintings and organizes\u00a0temporary exhibitions.<\/h2><\/div><\/figure><\/div>\n\n\n\n<div class=\"wp-block-uagb-container uagb-block-6927b566\">\n<div class=\"wp-block-uagb-tabs uagb-block-6981fa21 uagb-tabs__wrap uagb-tabs__hstyle1-desktop uagb-tabs__vstyle6-tablet uagb-tabs__stack1-mobile\" data-tab-active=\"0\"><ul class=\"uagb-tabs__panel uagb-tabs__align-left\" role=\"tablist\"><li class=\"uagb-tab uagb-tabs__active\" role=\"none\"><a href=\"#uagb-tabs__tab0\" class=\"uagb-tabs-list uagb-tabs__icon-position-left\" data-tab=\"0\" role=\"tab\"><div>Permament exposition<\/div><\/a><\/li><li class=\"uagb-tab \" role=\"none\"><a href=\"#uagb-tabs__tab1\" class=\"uagb-tabs-list uagb-tabs__icon-position-left\" data-tab=\"1\" role=\"tab\"><div>Temporary exhibitions<\/div><\/a><\/li><\/ul><div class=\"uagb-tabs__body-wrap\">\n<div class=\"wp-block-uagb-tabs-child uagb-tabs__body-container uagb-inner-tab-0\" aria-labelledby=\"uagb-tabs__tab0\">\n<p>In the Library foyer\u00a0you can admire paintings by Irena Popio\u0142ek-Rodzi\u0144ska and Stanis\u0142aw Rodzi\u0144ski.<\/p>\n<\/div>\n\n\n\n<div class=\"wp-block-uagb-tabs-child uagb-tabs__body-container uagb-inner-tab-1\" aria-labelledby=\"uagb-tabs__tab1\">\n<p>The library space is available for temporary exhibitions, where paintings, photographs and various types of collections can be displayed.<br>Students and staff of the University, Jesuits, and WAM employees interested in presenting their own artistic work or collections are kindly requested to contact us.<\/p>\n\n\n\n<figure class=\"wp-block-table\"><table class=\"mtr-table mtr-tr-td\"><tbody><tr><td data-mtr-content=\"Exhibition\" class=\"mtr-td-tag\"><div class=\"mtr-cell-content\"><em>Exhibition<\/em><\/div><\/td><td data-mtr-content=\"Dates\" class=\"mtr-td-tag\"><div class=\"mtr-cell-content\"><em>Dates<\/em><\/div><\/td><td data-mtr-content=\"Creators, collectors\" class=\"mtr-td-tag\"><div class=\"mtr-cell-content\"><em>Creators, collectors<\/em><\/div><\/td><\/tr><tr><td data-mtr-content=\"Exhibition\" class=\"mtr-td-tag\"><div class=\"mtr-cell-content\"><strong>Kiedy\u015b byli\u015bmy uchod\u017acami \u2013 Once were refugees<\/strong><\/div><\/td><td data-mtr-content=\"Dates\" class=\"mtr-td-tag\"><div class=\"mtr-cell-content\">27 October \u2013 10 December 2022<\/div><\/td><td data-mtr-content=\"Creators, collectors\" class=\"mtr-td-tag\"><div class=\"mtr-cell-content\">\u201cTourism with Culture\u201d Study Group, Dr Dariusz Zdziech<\/div><\/td><\/tr><tr><td data-mtr-content=\"Exhibition\" class=\"mtr-td-tag\"><div class=\"mtr-cell-content\"><strong>Block lace<\/strong><\/div><\/td><td data-mtr-content=\"Dates\" class=\"mtr-td-tag\"><div class=\"mtr-cell-content\">27 September \u2013 27 October 2022<\/div><\/td><td data-mtr-content=\"Creators, collectors\" class=\"mtr-td-tag\"><div class=\"mtr-cell-content\">Association of \u201eKoronczarki Ziemi Krakowskiej\u201d, Justyna \u0141ukaszewska-Haberkowa, Ph.<\/div><\/td><\/tr><tr><td data-mtr-content=\"Exhibition\" class=\"mtr-td-tag\"><div class=\"mtr-cell-content\"><strong>Pictures on glass<\/strong><\/div><\/td><td data-mtr-content=\"Dates\" class=\"mtr-td-tag\"><div class=\"mtr-cell-content\">4 March \u2013\u00a031 May 2019<\/div><\/td><td data-mtr-content=\"Creators, collectors\" class=\"mtr-td-tag\"><div class=\"mtr-cell-content\">Ewa Skrzypiec, paintings from Stanis\u0142aw Gronia SJ\u2019s collection<\/div><\/td><\/tr><tr><td data-mtr-content=\"Exhibition\" class=\"mtr-td-tag\"><div class=\"mtr-cell-content\"><strong>Miniature oriental prayer books<\/strong><\/div><\/td><td data-mtr-content=\"Dates\" class=\"mtr-td-tag\"><div class=\"mtr-cell-content\">5 May \u2013 2 July 2011<\/div><\/td><td data-mtr-content=\"Creators, collectors\" class=\"mtr-td-tag\"><div class=\"mtr-cell-content\">Jerzy Lech Kontkowski SJ (project of prayer books), Ewa Szafraniec (performance)<\/div><\/td><\/tr><\/tbody><\/table><\/figure>\n<\/div>\n<\/div><\/div>\n<\/div>\n<\/div>\n<!-- PMB print buttons is only displayed on a single post\/page URLs-->","protected":false},"excerpt":{"rendered":"","protected":false},"author":10,"featured_media":0,"parent":7203,"menu_order":0,"comment_status":"closed","ping_status":"closed","template":"","meta":{"_acf_changed":false,"_uag_custom_page_level_css":"","site-sidebar-layout":"default","site-content-layout":"","ast-site-content-layout":"","site-content-style":"default","site-sidebar-style":"default","ast-global-header-display":"","ast-banner-title-visibility":"","ast-main-header-display":"","ast-hfb-above-header-display":"","ast-hfb-below-header-display":"","ast-hfb-mobile-header-display":"","site-post-title":"","ast-breadcrumbs-content":"","ast-featured-img":"","footer-sml-layout":"","theme-transparent-header-meta":"","adv-header-id-meta":"","stick-header-meta":"","header-above-stick-meta":"","header-main-stick-meta":"","header-below-stick-meta":"","astra-migrate-meta-layouts":"default","ast-page-background-enabled":"default","ast-page-background-meta":{"desktop":{"background-color":"var(--ast-global-color-4)","background-image":"","background-repeat":"repeat","background-position":"center center","background-size":"auto","background-attachment":"scroll","background-type":"","background-media":"","overlay-type":"","overlay-color":"","overlay-opacity":"","overlay-gradient":""},"tablet":{"background-color":"","background-image":"","background-repeat":"repeat","background-position":"center center","background-size":"auto","background-attachment":"scroll","background-type":"","background-media":"","overlay-type":"","overlay-color":"","overlay-opacity":"","overlay-gradient":""},"mobile":{"background-color":"","background-image":"","background-repeat":"repeat","background-position":"center center","background-size":"auto","background-attachment":"scroll","background-type":"","background-media":"","overlay-type":"","overlay-color":"","overlay-opacity":"","overlay-gradient":""}},"ast-content-background-meta":{"desktop":{"background-color":"var(--ast-global-color-5)","background-image":"","background-repeat":"repeat","background-position":"center center","background-size":"auto","background-attachment":"scroll","background-type":"","background-media":"","overlay-type":"","overlay-color":"","overlay-opacity":"","overlay-gradient":""},"tablet":{"background-color":"var(--ast-global-color-5)","background-image":"","background-repeat":"repeat","background-position":"center center","background-size":"auto","background-attachment":"scroll","background-type":"","background-media":"","overlay-type":"","overlay-color":"","overlay-opacity":"","overlay-gradient":""},"mobile":{"background-color":"var(--ast-global-color-5)","background-image":"","background-repeat":"repeat","background-position":"center center","background-size":"auto","background-attachment":"scroll","background-type":"","background-media":"","overlay-type":"","overlay-color":"","overlay-opacity":"","overlay-gradient":""}},"ngg_post_thumbnail":0,"footnotes":""},"acf":[],"uagb_featured_image_src":{"full":false,"thumbnail":false,"medium":false,"medium_large":false,"large":false,"thumblist":false,"thumbrelated":false,"meccarouselthumb":false,"gridsquare":false,"tileview":false,"1536x1536":false,"2048x2048":false},"uagb_author_info":{"display_name":"Gabriela Obajtek","author_link":"https:\/\/biblioteka.ignatianum.edu.pl\/en\/author\/gabrielaobajtek\/"},"uagb_comment_info":0,"uagb_excerpt":null,"_links":{"self":[{"href":"https:\/\/biblioteka.ignatianum.edu.pl\/en\/wp-json\/wp\/v2\/pages\/8022"}],"collection":[{"href":"https:\/\/biblioteka.ignatianum.edu.pl\/en\/wp-json\/wp\/v2\/pages"}],"about":[{"href":"https:\/\/biblioteka.ignatianum.edu.pl\/en\/wp-json\/wp\/v2\/types\/page"}],"author":[{"embeddable":true,"href":"https:\/\/biblioteka.ignatianum.edu.pl\/en\/wp-json\/wp\/v2\/users\/10"}],"replies":[{"embeddable":true,"href":"https:\/\/biblioteka.ignatianum.edu.pl\/en\/wp-json\/wp\/v2\/comments?post=8022"}],"version-history":[{"count":2,"href":"https:\/\/biblioteka.ignatianum.edu.pl\/en\/wp-json\/wp\/v2\/pages\/8022\/revisions"}],"predecessor-version":[{"id":8028,"href":"https:\/\/biblioteka.ignatianum.edu.pl\/en\/wp-json\/wp\/v2\/pages\/8022\/revisions\/8028"}],"up":[{"embeddable":true,"href":"https:\/\/biblioteka.ignatianum.edu.pl\/en\/wp-json\/wp\/v2\/pages\/7203"}],"wp:attachment":[{"href":"https:\/\/biblioteka.ignatianum.edu.pl\/en\/wp-json\/wp\/v2\/media?parent=8022"}],"curies":[{"name":"wp","href":"https:\/\/api.w.org\/{rel}","templated":true}]}}