{"id":7905,"date":"2023-09-26T21:26:59","date_gmt":"2023-09-26T20:26:59","guid":{"rendered":"https:\/\/biblioteka.ignatianum.edu.pl\/?page_id=7905"},"modified":"2025-10-15T13:44:29","modified_gmt":"2025-10-15T12:44:29","slug":"foyer-cloakroom","status":"publish","type":"page","link":"https:\/\/biblioteka.ignatianum.edu.pl\/en\/space\/foyer-cloakroom\/","title":{"rendered":"Foyer &amp; cloakroom"},"content":{"rendered":"\n<div class=\"wp-block-uagb-container uagb-block-3763f4da default uagb-is-root-container\">\n<div class=\"wp-block-uagb-image alignfull uagb-block-ea1295ff wp-block-uagb-image--layout-overlay wp-block-uagb-image--effect-zoomin wp-block-uagb-image--align-full uag-hide-tab uag-hide-mob\"><figure class=\"wp-block-uagb-image__figure\"><img decoding=\"async\" srcset=\"https:\/\/biblioteka.ignatianum.edu.pl\/wp-content\/uploads\/sites\/16\/2025\/09\/Hol-1024x401.jpg ,https:\/\/biblioteka.ignatianum.edu.pl\/wp-content\/uploads\/sites\/16\/2025\/09\/Hol-scaled.jpg 780w, https:\/\/biblioteka.ignatianum.edu.pl\/wp-content\/uploads\/sites\/16\/2025\/09\/Hol-scaled.jpg 360w\" sizes=\"(max-width: 480px) 150px\" src=\"https:\/\/biblioteka.ignatianum.edu.pl\/wp-content\/uploads\/sites\/16\/2025\/09\/Hol-1024x401.jpg\" alt=\"Hol\" class=\"uag-image-6330\" width=\"985\" height=\"340\" title=\"Hol\" loading=\"lazy\" role=\"img\"\/><div class=\"wp-block-uagb-image--layout-overlay__color-wrapper\"><\/div><div class=\"wp-block-uagb-image--layout-overlay__inner center-center\"><h2 class=\"uagb-image-heading\"><strong><strong>The foyer is a place to relax from work and encounter art<\/strong><\/strong><\/h2><\/div><\/figure><\/div>\n\n\n\n<div class=\"wp-block-group is-layout-constrained wp-block-group-is-layout-constrained\">\n<p>Library foyer is convenient place to take a break during long study or for not strict library activities.<\/p>\n\n\n\n<p><a href=\"https:\/\/portal.bibliotekaaik.pl\/en\/art.171.permament-exposition.html\">Permament exhibition<\/a>&nbsp;consist of few paintings prof. Irena Popio\u0142ek-Rodzi\u0144ska and prof. Stanis\u0142aw Rodzi\u0144ski.&nbsp;<a href=\"https:\/\/portal.bibliotekaaik.pl\/en\/art.172.temporary-exhibitions.html\">Temporary exhibitions<\/a>&nbsp;shows paintings, photography and works created by artists and&nbsp;students.<\/p>\n\n\n\n<p>Part of foyer is cloakroom, connected with security desk. There is no self-service lockers.<\/p>\n<\/div>\n<\/div>\n<!-- PMB print buttons is only displayed on a single post\/page URLs-->","protected":false},"excerpt":{"rendered":"<p>Library foyer is convenient place to take a break during long study or for not strict library activities. Permament exhibition&nbsp;consist of few paintings prof. Irena Popio\u0142ek-Rodzi\u0144ska and prof. Stanis\u0142aw Rodzi\u0144ski.&nbsp;Temporary exhibitions&nbsp;shows paintings, photography and works created by artists and&nbsp;students. Part of foyer is cloakroom, connected with security desk. There is no self-service lockers.<\/p>\n","protected":false},"author":10,"featured_media":0,"parent":7209,"menu_order":0,"comment_status":"closed","ping_status":"closed","template":"","meta":{"_acf_changed":false,"_uag_custom_page_level_css":"","site-sidebar-layout":"default","site-content-layout":"","ast-site-content-layout":"","site-content-style":"default","site-sidebar-style":"default","ast-global-header-display":"","ast-banner-title-visibility":"","ast-main-header-display":"","ast-hfb-above-header-display":"","ast-hfb-below-header-display":"","ast-hfb-mobile-header-display":"","site-post-title":"","ast-breadcrumbs-content":"","ast-featured-img":"","footer-sml-layout":"","theme-transparent-header-meta":"","adv-header-id-meta":"","stick-header-meta":"","header-above-stick-meta":"","header-main-stick-meta":"","header-below-stick-meta":"","astra-migrate-meta-layouts":"default","ast-page-background-enabled":"default","ast-page-background-meta":{"desktop":{"background-color":"var(--ast-global-color-4)","background-image":"","background-repeat":"repeat","background-position":"center center","background-size":"auto","background-attachment":"scroll","background-type":"","background-media":"","overlay-type":"","overlay-color":"","overlay-opacity":"","overlay-gradient":""},"tablet":{"background-color":"","background-image":"","background-repeat":"repeat","background-position":"center center","background-size":"auto","background-attachment":"scroll","background-type":"","background-media":"","overlay-type":"","overlay-color":"","overlay-opacity":"","overlay-gradient":""},"mobile":{"background-color":"","background-image":"","background-repeat":"repeat","background-position":"center center","background-size":"auto","background-attachment":"scroll","background-type":"","background-media":"","overlay-type":"","overlay-color":"","overlay-opacity":"","overlay-gradient":""}},"ast-content-background-meta":{"desktop":{"background-color":"var(--ast-global-color-5)","background-image":"","background-repeat":"repeat","background-position":"center center","background-size":"auto","background-attachment":"scroll","background-type":"","background-media":"","overlay-type":"","overlay-color":"","overlay-opacity":"","overlay-gradient":""},"tablet":{"background-color":"var(--ast-global-color-5)","background-image":"","background-repeat":"repeat","background-position":"center center","background-size":"auto","background-attachment":"scroll","background-type":"","background-media":"","overlay-type":"","overlay-color":"","overlay-opacity":"","overlay-gradient":""},"mobile":{"background-color":"var(--ast-global-color-5)","background-image":"","background-repeat":"repeat","background-position":"center center","background-size":"auto","background-attachment":"scroll","background-type":"","background-media":"","overlay-type":"","overlay-color":"","overlay-opacity":"","overlay-gradient":""}},"ngg_post_thumbnail":0,"footnotes":""},"acf":[],"uagb_featured_image_src":{"full":false,"thumbnail":false,"medium":false,"medium_large":false,"large":false,"thumblist":false,"thumbrelated":false,"meccarouselthumb":false,"gridsquare":false,"tileview":false,"1536x1536":false,"2048x2048":false},"uagb_author_info":{"display_name":"Gabriela Obajtek","author_link":"https:\/\/biblioteka.ignatianum.edu.pl\/en\/author\/gabrielaobajtek\/"},"uagb_comment_info":0,"uagb_excerpt":"Library foyer is convenient place to take a break during long study or for not strict library activities. Permament exhibition&nbsp;consist of few paintings prof. Irena Popio\u0142ek-Rodzi\u0144ska and prof. Stanis\u0142aw Rodzi\u0144ski.&nbsp;Temporary exhibitions&nbsp;shows paintings, photography and works created by artists and&nbsp;students. Part of foyer is cloakroom, connected with security desk. There is no self-service lockers.","_links":{"self":[{"href":"https:\/\/biblioteka.ignatianum.edu.pl\/en\/wp-json\/wp\/v2\/pages\/7905"}],"collection":[{"href":"https:\/\/biblioteka.ignatianum.edu.pl\/en\/wp-json\/wp\/v2\/pages"}],"about":[{"href":"https:\/\/biblioteka.ignatianum.edu.pl\/en\/wp-json\/wp\/v2\/types\/page"}],"author":[{"embeddable":true,"href":"https:\/\/biblioteka.ignatianum.edu.pl\/en\/wp-json\/wp\/v2\/users\/10"}],"replies":[{"embeddable":true,"href":"https:\/\/biblioteka.ignatianum.edu.pl\/en\/wp-json\/wp\/v2\/comments?post=7905"}],"version-history":[{"count":1,"href":"https:\/\/biblioteka.ignatianum.edu.pl\/en\/wp-json\/wp\/v2\/pages\/7905\/revisions"}],"predecessor-version":[{"id":7908,"href":"https:\/\/biblioteka.ignatianum.edu.pl\/en\/wp-json\/wp\/v2\/pages\/7905\/revisions\/7908"}],"up":[{"embeddable":true,"href":"https:\/\/biblioteka.ignatianum.edu.pl\/en\/wp-json\/wp\/v2\/pages\/7209"}],"wp:attachment":[{"href":"https:\/\/biblioteka.ignatianum.edu.pl\/en\/wp-json\/wp\/v2\/media?parent=7905"}],"curies":[{"name":"wp","href":"https:\/\/api.w.org\/{rel}","templated":true}]}}