{"id":7557,"date":"2023-10-05T14:31:30","date_gmt":"2023-10-05T13:31:30","guid":{"rendered":"https:\/\/biblioteka.ignatianum.edu.pl\/?page_id=7557"},"modified":"2025-10-07T11:00:25","modified_gmt":"2025-10-07T10:00:25","slug":"location","status":"publish","type":"page","link":"https:\/\/biblioteka.ignatianum.edu.pl\/en\/using-library\/location\/","title":{"rendered":"Location"},"content":{"rendered":"\n<div class=\"wp-block-uagb-container uagb-block-3763f4da default uagb-is-root-container\">\n<div class=\"wp-block-uagb-container uagb-block-f61c98df\">\n<div class=\"wp-block-uagb-separator uagb-block-d35e3d60\"><div class=\"wp-block-uagb-separator__inner\" style=\"--my-background-image:\"><\/div><\/div>\n<\/div>\n\n\n\t\t\t<div \n\t\t\tclass=\"wp-block-uagb-google-map uagb-google-map__wrap uagb-block-64263b96     \"\n\t\t\tstyle=\"\" >\n\t\t\t\t<embed\n\t\t\t\t\tclass=\"uagb-google-map__iframe\"\n\t\t\t\t\ttitle=\"Google Map for \"\n\t\t\t\t\tsrc=\"https:\/\/maps.google.com\/maps?q=Biblioteka%20Uniwersytetu%20Ignatianum%20w%20Krakowie&#038;z=16&#038;hl=pl&#038;t=m&#038;output=embed&#038;iwloc=near\"\n\t\t\t\t\twidth=\"640\"\n\t\t\t\t\theight=\"300\"\n\t\t\t\t\tloading=\"lazy\"\n\t\t\t\t><\/embed>\n\t\t\t<\/div>\n\t\t\t\n\n\n<p>Library is located in University Campus area\u00a0<a href=\"https:\/\/g.page\/BibliotekaAIK\">https:\/\/g.page\/BibliotekaUIK<\/a> at Kopernika Street, behind main building, no 5 at map<\/p>\n\n\n\n<figure class=\"wp-block-image aligncenter size-large is-resized\"><img decoding=\"async\" width=\"1024\" height=\"1024\" src=\"https:\/\/biblioteka.ignatianum.edu.pl\/wp-content\/uploads\/sites\/16\/2025\/09\/Mapa-Kampusu-1024x1024.jpg\" alt=\"Na obrazku znajduje si\u0119 mapa z oznaczonymi budynkami nale\u017c\u0105cymi do kampusu Uniwersytetu Ignatianum w Krakowie.\" class=\"wp-image-6096\" style=\"width:664px;height:auto\" srcset=\"https:\/\/biblioteka.ignatianum.edu.pl\/wp-content\/uploads\/sites\/16\/2025\/09\/Mapa-Kampusu-1024x1024.jpg 1024w, https:\/\/biblioteka.ignatianum.edu.pl\/wp-content\/uploads\/sites\/16\/2025\/09\/Mapa-Kampusu-300x300.jpg 300w, https:\/\/biblioteka.ignatianum.edu.pl\/wp-content\/uploads\/sites\/16\/2025\/09\/Mapa-Kampusu-150x150.jpg 150w, https:\/\/biblioteka.ignatianum.edu.pl\/wp-content\/uploads\/sites\/16\/2025\/09\/Mapa-Kampusu-768x768.jpg 768w, https:\/\/biblioteka.ignatianum.edu.pl\/wp-content\/uploads\/sites\/16\/2025\/09\/Mapa-Kampusu-500x500.jpg 500w, https:\/\/biblioteka.ignatianum.edu.pl\/wp-content\/uploads\/sites\/16\/2025\/09\/Mapa-Kampusu-1536x1536.jpg 1536w, https:\/\/biblioteka.ignatianum.edu.pl\/wp-content\/uploads\/sites\/16\/2025\/09\/Mapa-Kampusu.jpg 1800w\" sizes=\"(max-width: 1024px) 100vw, 1024px\" \/><\/figure>\n\n\n\n<div class=\"wp-block-group is-layout-constrained wp-block-group-is-layout-constrained\">\n<p>On the First Floor are the Information and Circulation desk, Reading room, Group study room, cloakroom, hall, toilets. Elevator is available.<\/p>\n\n\n\n<p>Room 352 (for jesuits and staff of Jesuit Publishing House)\u00a0is located in another building.<\/p>\n<\/div>\n<\/div>\n<!-- PMB print buttons is only displayed on a single post\/page URLs-->","protected":false},"excerpt":{"rendered":"<p>Library is located in University Campus area\u00a0https:\/\/g.page\/BibliotekaUIK at Kopernika Street, behind main building, no 5 at map On the First Floor are the Information and Circulation desk, Reading room, Group study room, cloakroom, hall, toilets. Elevator is available. Room 352 (for jesuits and staff of Jesuit Publishing House)\u00a0is located in another building.<\/p>\n","protected":false},"author":10,"featured_media":0,"parent":7191,"menu_order":0,"comment_status":"closed","ping_status":"closed","template":"","meta":{"_acf_changed":false,"_uag_custom_page_level_css":"","site-sidebar-layout":"default","site-content-layout":"","ast-site-content-layout":"","site-content-style":"default","site-sidebar-style":"default","ast-global-header-display":"","ast-banner-title-visibility":"","ast-main-header-display":"","ast-hfb-above-header-display":"","ast-hfb-below-header-display":"","ast-hfb-mobile-header-display":"","site-post-title":"","ast-breadcrumbs-content":"","ast-featured-img":"","footer-sml-layout":"","theme-transparent-header-meta":"","adv-header-id-meta":"","stick-header-meta":"","header-above-stick-meta":"","header-main-stick-meta":"","header-below-stick-meta":"","astra-migrate-meta-layouts":"default","ast-page-background-enabled":"default","ast-page-background-meta":{"desktop":{"background-color":"var(--ast-global-color-4)","background-image":"","background-repeat":"repeat","background-position":"center center","background-size":"auto","background-attachment":"scroll","background-type":"","background-media":"","overlay-type":"","overlay-color":"","overlay-opacity":"","overlay-gradient":""},"tablet":{"background-color":"","background-image":"","background-repeat":"repeat","background-position":"center center","background-size":"auto","background-attachment":"scroll","background-type":"","background-media":"","overlay-type":"","overlay-color":"","overlay-opacity":"","overlay-gradient":""},"mobile":{"background-color":"","background-image":"","background-repeat":"repeat","background-position":"center center","background-size":"auto","background-attachment":"scroll","background-type":"","background-media":"","overlay-type":"","overlay-color":"","overlay-opacity":"","overlay-gradient":""}},"ast-content-background-meta":{"desktop":{"background-color":"var(--ast-global-color-5)","background-image":"","background-repeat":"repeat","background-position":"center center","background-size":"auto","background-attachment":"scroll","background-type":"","background-media":"","overlay-type":"","overlay-color":"","overlay-opacity":"","overlay-gradient":""},"tablet":{"background-color":"var(--ast-global-color-5)","background-image":"","background-repeat":"repeat","background-position":"center center","background-size":"auto","background-attachment":"scroll","background-type":"","background-media":"","overlay-type":"","overlay-color":"","overlay-opacity":"","overlay-gradient":""},"mobile":{"background-color":"var(--ast-global-color-5)","background-image":"","background-repeat":"repeat","background-position":"center center","background-size":"auto","background-attachment":"scroll","background-type":"","background-media":"","overlay-type":"","overlay-color":"","overlay-opacity":"","overlay-gradient":""}},"ngg_post_thumbnail":0,"footnotes":""},"acf":[],"uagb_featured_image_src":{"full":false,"thumbnail":false,"medium":false,"medium_large":false,"large":false,"thumblist":false,"thumbrelated":false,"meccarouselthumb":false,"gridsquare":false,"tileview":false,"1536x1536":false,"2048x2048":false},"uagb_author_info":{"display_name":"Gabriela Obajtek","author_link":"https:\/\/biblioteka.ignatianum.edu.pl\/en\/author\/gabrielaobajtek\/"},"uagb_comment_info":0,"uagb_excerpt":"Library is located in University Campus area\u00a0https:\/\/g.page\/BibliotekaUIK at Kopernika Street, behind main building, no 5 at map On the First Floor are the Information and Circulation desk, Reading room, Group study room, cloakroom, hall, toilets. Elevator is available. Room 352 (for jesuits and staff of Jesuit Publishing House)\u00a0is located in another building.","_links":{"self":[{"href":"https:\/\/biblioteka.ignatianum.edu.pl\/en\/wp-json\/wp\/v2\/pages\/7557"}],"collection":[{"href":"https:\/\/biblioteka.ignatianum.edu.pl\/en\/wp-json\/wp\/v2\/pages"}],"about":[{"href":"https:\/\/biblioteka.ignatianum.edu.pl\/en\/wp-json\/wp\/v2\/types\/page"}],"author":[{"embeddable":true,"href":"https:\/\/biblioteka.ignatianum.edu.pl\/en\/wp-json\/wp\/v2\/users\/10"}],"replies":[{"embeddable":true,"href":"https:\/\/biblioteka.ignatianum.edu.pl\/en\/wp-json\/wp\/v2\/comments?post=7557"}],"version-history":[{"count":1,"href":"https:\/\/biblioteka.ignatianum.edu.pl\/en\/wp-json\/wp\/v2\/pages\/7557\/revisions"}],"predecessor-version":[{"id":7560,"href":"https:\/\/biblioteka.ignatianum.edu.pl\/en\/wp-json\/wp\/v2\/pages\/7557\/revisions\/7560"}],"up":[{"embeddable":true,"href":"https:\/\/biblioteka.ignatianum.edu.pl\/en\/wp-json\/wp\/v2\/pages\/7191"}],"wp:attachment":[{"href":"https:\/\/biblioteka.ignatianum.edu.pl\/en\/wp-json\/wp\/v2\/media?parent=7557"}],"curies":[{"name":"wp","href":"https:\/\/api.w.org\/{rel}","templated":true}]}}